{"id":6171,"date":"2024-11-18T17:24:59","date_gmt":"2024-11-18T17:24:59","guid":{"rendered":"https:\/\/facciobuono.it\/cookie-richtlinie\/"},"modified":"2026-03-02T18:32:57","modified_gmt":"2026-03-02T18:32:57","slug":"cookie-richtlinie","status":"publish","type":"page","link":"https:\/\/facciobuono.it\/de\/cookie-richtlinie\/","title":{"rendered":"Cookie-Richtlinie"},"content":{"rendered":"\t\t<div data-elementor-type=\"wp-page\" data-elementor-id=\"6171\" class=\"elementor elementor-6171 elementor-2627\" data-elementor-post-type=\"page\">\n\t\t\t\t<div class=\"elementor-element elementor-element-165eb64f e-flex e-con-boxed wpr-particle-no wpr-jarallax-no wpr-parallax-no wpr-sticky-section-no e-con e-parent\" data-id=\"165eb64f\" data-element_type=\"container\">\n\t\t\t\t\t<div class=\"e-con-inner\">\n\t\t\t\t<div class=\"elementor-element elementor-element-ceb7082 elementor-widget elementor-widget-text-editor\" data-id=\"ceb7082\" data-element_type=\"widget\" data-widget_type=\"text-editor.default\">\n\t\t\t\t<div class=\"elementor-widget-container\">\n\t\t\t\t\t\t\t\t\t<p><style><span data-mce-type=\"bookmark\" style=\"display: inline-block; width: 0px; overflow: hidden; line-height: 0;\" class=\"mce_SELRES_start\"><\/span><br \/>    a.cky-banner-element {<br \/>        padding: 8px 30px;<br \/>        background: #F8F9FA;<br \/>        color: #858A8F;<br \/>        border: 1px solid #DEE2E6;<br \/>        box-sizing: border-box;<br \/>        border-radius: 2px;<br \/>        cursor: pointer;<br \/>}<br \/><\/style><\/p><h1 class=\"cookie-policy-h1\">Cookie-Richtlinie<\/h1><p>G\u00fcltig ab: 18.11.2024 <br>Zuletzt aktualisiert: 18.11.2024<\/p><h5>Was sind Cookies?<\/h5><div class=\"cookie-policy-p\"><p>Diese Richtlinie erkl\u00e4rt, was Cookies sind und wie wir sie verwenden, welche Arten von Cookies wir einsetzen, d.h. welche Informationen wir mithilfe von Cookies sammeln und wie diese Informationen verwendet werden, sowie wie Sie die Cookie-Einstellungen verwalten k\u00f6nnen.<\/p><p>Cookies sind kleine Textdateien, die zur Speicherung kleiner Informationsmengen verwendet werden. Sie werden auf Ihrem Ger\u00e4t gespeichert, wenn die Website in Ihrem Browser geladen wird. Diese Cookies helfen uns, die Website ordnungsgem\u00e4\u00df zu betreiben, sie sicherer zu machen, eine bessere Benutzererfahrung zu bieten, zu verstehen, wie die Website funktioniert, und zu analysieren, was gut funktioniert und wo Verbesserungen n\u00f6tig sind.  <\/p><\/div><h5>Wie verwenden wir Cookies?<\/h5><div class=\"cookie-policy-p\"><p>Wie die meisten Online-Dienste verwendet unsere Website eigene und Drittanbieter-Cookies f\u00fcr verschiedene Zwecke. Eigene Cookies sind gr\u00f6\u00dftenteils notwendig, damit die Website richtig funktioniert, und sammeln keine Ihrer pers\u00f6nlich identifizierbaren Daten. <\/p><p>Die auf unserer Website verwendeten Drittanbieter-Cookies dienen haupts\u00e4chlich dazu, die Leistung der Website zu verstehen, wie Sie mit unserer Website interagieren, unsere Dienste sicher zu halten, f\u00fcr Sie relevante Werbeanzeigen bereitzustellen und insgesamt eine verbesserte Benutzererfahrung zu bieten sowie dazu beizutragen, Ihre zuk\u00fcnftigen Interaktionen mit unserer Website zu beschleunigen. <\/p><\/div><h5>Unsere Cookies<\/h5><div class=\"cky-audit-table-element\"> <\/div><h5 style=\"margin-bottom: 20px;\">Ihre Pr\u00e4ferenzen<\/h5><p><a class=\"cky-banner-element\">Cookie-Einstellungen<\/a><\/p><div><p>Sie k\u00f6nnen Ihre Cookie-Pr\u00e4ferenzen jederzeit \u00e4ndern, indem Sie auf die Schaltfl\u00e4che oben klicken. Dies erm\u00f6glicht es Ihnen, das Cookie-Zustimmungsbanner erneut aufzurufen und Ihre Pr\u00e4ferenzen zu \u00e4ndern oder Ihre Einwilligung sofort zu widerrufen. <\/p><p>Dar\u00fcber hinaus bieten verschiedene Browser unterschiedliche Methoden zum Blockieren und L\u00f6schen von Cookies, die von Websites verwendet werden. Sie k\u00f6nnen die Einstellungen Ihres Browsers \u00e4ndern, um Cookies zu blockieren\/l\u00f6schen. Nachfolgend finden Sie Links zu den Support-Dokumenten zur Verwaltung und L\u00f6schung von Cookies f\u00fcr die wichtigsten Webbrowser.  <\/p><p>Chrome: <a href=\"https:\/\/support.google.com\/accounts\/answer\/32050\" target=\"_blank\" rel=\"noopener\">https:\/\/support.google.com\/accounts\/answer\/32050<\/a><\/p><p>Safari: <a href=\"https:\/\/support.apple.com\/en-in\/guide\/safari\/sfri11471\/mac\" target=\"_blank\" rel=\"noopener\">https:\/\/support.apple.com\/en-in\/guide\/safari\/sfri11471\/mac<\/a><\/p><p>Firefox: <a href=\"https:\/\/support.mozilla.org\/en-US\/kb\/clear-cookies-and-site-data-firefox?redirectslug=delete-cookies-remove-info-websites-stored&amp;redirectlocale=en-US\" target=\"_blank\" rel=\"noopener\">https:\/\/support.mozilla.org\/en-US\/kb\/clear-cookies-and-site-data-firefox?redirectslug=delete-cookies-remove-info-websites-stored&amp;redirectlocale=en-US<\/a><\/p><p>Internet Explorer: <a href=\"https:\/\/support.microsoft.com\/en-us\/topic\/how-to-delete-cookie-files-in-internet-explorer-bca9446f-d873-78de-77ba-d42645fa52fc\" target=\"_blank\" rel=\"noopener\">https:\/\/support.microsoft.com\/en-us\/topic\/how-to-delete-cookie-files-in-internet-explorer-bca9446f-d873-78de-77ba-d42645fa52fc<\/a><\/p><p>Wenn Sie einen anderen Webbrowser verwenden, besuchen Sie bitte die offiziellen Support-Dokumente Ihres Browsers.<\/p><\/div><p class=\"cookie-policy-p\"> <\/p>\t\t\t\t\t\t\t\t<\/div>\n\t\t\t\t<\/div>\n\t\t\t\t\t<\/div>\n\t\t\t\t<\/div>\n\t\t\t\t<\/div>\n\t\t","protected":false},"excerpt":{"rendered":"<p>Cookie-Richtlinie G\u00fcltig ab: 18.11.2024 Zuletzt aktualisiert: 18.11.2024 Was sind Cookies? Diese Richtlinie erkl\u00e4rt, was Cookies sind und wie wir sie verwenden, welche Arten von Cookies wir einsetzen, d.h. welche Informationen wir mithilfe von Cookies sammeln und wie diese Informationen verwendet werden, sowie wie Sie die Cookie-Einstellungen verwalten k\u00f6nnen. Cookies sind kleine Textdateien, die zur Speicherung kleiner Informationsmengen verwendet werden. Sie werden auf Ihrem Ger\u00e4t gespeichert, wenn die Website in Ihrem Browser geladen wird. Diese Cookies helfen uns, die Website ordnungsgem\u00e4\u00df zu betreiben, sie sicherer zu machen, eine bessere Benutzererfahrung zu bieten, zu verstehen, wie die Website funktioniert, und zu analysieren, was gut funktioniert und wo Verbesserungen n\u00f6tig sind. Wie verwenden wir Cookies? Wie die meisten Online-Dienste verwendet unsere Website eigene und Drittanbieter-Cookies f\u00fcr verschiedene Zwecke. Eigene Cookies sind gr\u00f6\u00dftenteils notwendig, damit die Website richtig funktioniert, und sammeln keine Ihrer pers\u00f6nlich identifizierbaren Daten. Die auf unserer Website verwendeten Drittanbieter-Cookies dienen haupts\u00e4chlich dazu, die Leistung der Website zu verstehen, wie Sie mit unserer Website interagieren, unsere Dienste sicher zu halten, f\u00fcr Sie relevante Werbeanzeigen bereitzustellen und insgesamt eine verbesserte Benutzererfahrung zu bieten sowie dazu beizutragen, Ihre zuk\u00fcnftigen Interaktionen mit unserer Website zu beschleunigen. Unsere Cookies Ihre Pr\u00e4ferenzen Cookie-Einstellungen Sie k\u00f6nnen Ihre Cookie-Pr\u00e4ferenzen jederzeit \u00e4ndern, indem Sie auf die Schaltfl\u00e4che oben klicken. Dies erm\u00f6glicht es Ihnen, das Cookie-Zustimmungsbanner erneut aufzurufen und Ihre Pr\u00e4ferenzen zu \u00e4ndern oder Ihre Einwilligung sofort zu widerrufen. Dar\u00fcber hinaus bieten verschiedene Browser unterschiedliche Methoden zum Blockieren und L\u00f6schen von Cookies, die von Websites verwendet werden. Sie k\u00f6nnen die Einstellungen Ihres Browsers \u00e4ndern, um Cookies zu blockieren\/l\u00f6schen. Nachfolgend finden Sie Links zu den Support-Dokumenten zur Verwaltung und L\u00f6schung von Cookies f\u00fcr die wichtigsten Webbrowser. Chrome: https:\/\/support.google.com\/accounts\/answer\/32050 Safari: https:\/\/support.apple.com\/en-in\/guide\/safari\/sfri11471\/mac Firefox: https:\/\/support.mozilla.org\/en-US\/kb\/clear-cookies-and-site-data-firefox?redirectslug=delete-cookies-remove-info-websites-stored&amp;redirectlocale=en-US Internet Explorer: https:\/\/support.microsoft.com\/en-us\/topic\/how-to-delete-cookie-files-in-internet-explorer-bca9446f-d873-78de-77ba-d42645fa52fc Wenn Sie einen anderen Webbrowser verwenden, besuchen Sie bitte die offiziellen Support-Dokumente Ihres Browsers.<\/p>\n","protected":false},"author":1,"featured_media":0,"parent":0,"menu_order":0,"comment_status":"closed","ping_status":"closed","template":"","meta":{"site-sidebar-layout":"no-sidebar","site-content-layout":"page-builder","ast-site-content-layout":"full-width-container","site-content-style":"default","site-sidebar-style":"default","ast-global-header-display":"","ast-banner-title-visibility":"","ast-main-header-display":"","ast-hfb-above-header-display":"","ast-hfb-below-header-display":"","ast-hfb-mobile-header-display":"","site-post-title":"disabled","ast-breadcrumbs-content":"","ast-featured-img":"disabled","footer-sml-layout":"","theme-transparent-header-meta":"","adv-header-id-meta":"","stick-header-meta":"","header-above-stick-meta":"","header-main-stick-meta":"","header-below-stick-meta":"","astra-migrate-meta-layouts":"default","ast-page-background-enabled":"default","ast-page-background-meta":{"desktop":{"background-color":"","background-image":"","background-repeat":"repeat","background-position":"center center","background-size":"auto","background-attachment":"scroll","background-type":"","background-media":"","overlay-type":"","overlay-color":"","overlay-opacity":"","overlay-gradient":""},"tablet":{"background-color":"","background-image":"","background-repeat":"repeat","background-position":"center center","background-size":"auto","background-attachment":"scroll","background-type":"","background-media":"","overlay-type":"","overlay-color":"","overlay-opacity":"","overlay-gradient":""},"mobile":{"background-color":"","background-image":"","background-repeat":"repeat","background-position":"center center","background-size":"auto","background-attachment":"scroll","background-type":"","background-media":"","overlay-type":"","overlay-color":"","overlay-opacity":"","overlay-gradient":""}},"ast-content-background-meta":{"desktop":{"background-color":"var(--ast-global-color-5)","background-image":"","background-repeat":"repeat","background-position":"center center","background-size":"auto","background-attachment":"scroll","background-type":"","background-media":"","overlay-type":"","overlay-color":"","overlay-opacity":"","overlay-gradient":""},"tablet":{"background-color":"var(--ast-global-color-5)","background-image":"","background-repeat":"repeat","background-position":"center center","background-size":"auto","background-attachment":"scroll","background-type":"","background-media":"","overlay-type":"","overlay-color":"","overlay-opacity":"","overlay-gradient":""},"mobile":{"background-color":"var(--ast-global-color-5)","background-image":"","background-repeat":"repeat","background-position":"center center","background-size":"auto","background-attachment":"scroll","background-type":"","background-media":"","overlay-type":"","overlay-color":"","overlay-opacity":"","overlay-gradient":""}},"footnotes":""},"class_list":["post-6171","page","type-page","status-publish","hentry"],"yoast_head":"<!-- This site is optimized with the Yoast SEO plugin v27.0 - https:\/\/yoast.com\/product\/yoast-seo-wordpress\/ -->\n<title>Cookie-Richtlinie: Verwendung von Cookies auf FaccioBuono<\/title>\n<meta name=\"description\" content=\"Cookie-Richtlinie von FaccioBuono: Was Cookies sind, welche wir verwenden und warum. Funktionalit\u00e4t, Sicherheit und beste Benutzererfahrung garantiert.\" \/>\n<meta name=\"robots\" content=\"index, follow, max-snippet:-1, max-image-preview:large, max-video-preview:-1\" \/>\n<link rel=\"canonical\" href=\"https:\/\/facciobuono.it\/de\/cookie-richtlinie\/\" \/>\n<meta property=\"og:locale\" content=\"de_DE\" \/>\n<meta property=\"og:type\" content=\"article\" \/>\n<meta property=\"og:title\" content=\"Cookie-Richtlinie: Verwendung von Cookies auf FaccioBuono\" \/>\n<meta property=\"og:description\" content=\"Cookie-Richtlinie von FaccioBuono: Was Cookies sind, welche wir verwenden und warum. Funktionalit\u00e4t, Sicherheit und beste Benutzererfahrung garantiert.\" \/>\n<meta property=\"og:url\" content=\"https:\/\/facciobuono.it\/de\/cookie-richtlinie\/\" \/>\n<meta property=\"og:site_name\" content=\"Facciobuono\" \/>\n<meta property=\"article:modified_time\" content=\"2026-03-02T18:32:57+00:00\" \/>\n<meta name=\"twitter:card\" content=\"summary_large_image\" \/>\n<meta name=\"twitter:label1\" content=\"Gesch\u00e4tzte Lesezeit\" \/>\n\t<meta name=\"twitter:data1\" content=\"2\u00a0Minuten\" \/>\n<script type=\"application\/ld+json\" class=\"yoast-schema-graph\">{\"@context\":\"https:\/\/schema.org\",\"@graph\":[{\"@type\":\"WebPage\",\"@id\":\"https:\/\/facciobuono.it\/de\/cookie-richtlinie\/\",\"url\":\"https:\/\/facciobuono.it\/de\/cookie-richtlinie\/\",\"name\":\"Cookie-Richtlinie: Verwendung von Cookies auf FaccioBuono\",\"isPartOf\":{\"@id\":\"https:\/\/facciobuono.it\/#website\"},\"datePublished\":\"2024-11-18T17:24:59+00:00\",\"dateModified\":\"2026-03-02T18:32:57+00:00\",\"description\":\"Cookie-Richtlinie von FaccioBuono: Was Cookies sind, welche wir verwenden und warum. Funktionalit\u00e4t, Sicherheit und beste Benutzererfahrung garantiert.\",\"breadcrumb\":{\"@id\":\"https:\/\/facciobuono.it\/de\/cookie-richtlinie\/#breadcrumb\"},\"inLanguage\":\"de\",\"potentialAction\":[{\"@type\":\"ReadAction\",\"target\":[\"https:\/\/facciobuono.it\/de\/cookie-richtlinie\/\"]}]},{\"@type\":\"BreadcrumbList\",\"@id\":\"https:\/\/facciobuono.it\/de\/cookie-richtlinie\/#breadcrumb\",\"itemListElement\":[{\"@type\":\"ListItem\",\"position\":1,\"name\":\"Home\",\"item\":\"https:\/\/facciobuono.it\/de\/website\/\"},{\"@type\":\"ListItem\",\"position\":2,\"name\":\"Cookie-Richtlinie\"}]},{\"@type\":\"WebSite\",\"@id\":\"https:\/\/facciobuono.it\/#website\",\"url\":\"https:\/\/facciobuono.it\/\",\"name\":\"Facciobuono\",\"description\":\"\",\"publisher\":{\"@id\":\"https:\/\/facciobuono.it\/#organization\"},\"potentialAction\":[{\"@type\":\"SearchAction\",\"target\":{\"@type\":\"EntryPoint\",\"urlTemplate\":\"https:\/\/facciobuono.it\/?s={search_term_string}\"},\"query-input\":{\"@type\":\"PropertyValueSpecification\",\"valueRequired\":true,\"valueName\":\"search_term_string\"}}],\"inLanguage\":\"de\"},{\"@type\":\"Organization\",\"@id\":\"https:\/\/facciobuono.it\/#organization\",\"name\":\"Facciobuono\",\"url\":\"https:\/\/facciobuono.it\/\",\"logo\":{\"@type\":\"ImageObject\",\"inLanguage\":\"de\",\"@id\":\"https:\/\/facciobuono.it\/#\/schema\/logo\/image\/\",\"url\":\"https:\/\/facciobuono.it\/wp-content\/uploads\/2024\/11\/logo-vecchio-FaccioBuono-color.png\",\"contentUrl\":\"https:\/\/facciobuono.it\/wp-content\/uploads\/2024\/11\/logo-vecchio-FaccioBuono-color.png\",\"width\":3226,\"height\":1886,\"caption\":\"Facciobuono\"},\"image\":{\"@id\":\"https:\/\/facciobuono.it\/#\/schema\/logo\/image\/\"}}]}<\/script>\n<!-- \/ Yoast SEO plugin. -->","yoast_head_json":{"title":"Cookie-Richtlinie: Verwendung von Cookies auf FaccioBuono","description":"Cookie-Richtlinie von FaccioBuono: Was Cookies sind, welche wir verwenden und warum. Funktionalit\u00e4t, Sicherheit und beste Benutzererfahrung garantiert.","robots":{"index":"index","follow":"follow","max-snippet":"max-snippet:-1","max-image-preview":"max-image-preview:large","max-video-preview":"max-video-preview:-1"},"canonical":"https:\/\/facciobuono.it\/de\/cookie-richtlinie\/","og_locale":"de_DE","og_type":"article","og_title":"Cookie-Richtlinie: Verwendung von Cookies auf FaccioBuono","og_description":"Cookie-Richtlinie von FaccioBuono: Was Cookies sind, welche wir verwenden und warum. Funktionalit\u00e4t, Sicherheit und beste Benutzererfahrung garantiert.","og_url":"https:\/\/facciobuono.it\/de\/cookie-richtlinie\/","og_site_name":"Facciobuono","article_modified_time":"2026-03-02T18:32:57+00:00","twitter_card":"summary_large_image","twitter_misc":{"Gesch\u00e4tzte Lesezeit":"2\u00a0Minuten"},"schema":{"@context":"https:\/\/schema.org","@graph":[{"@type":"WebPage","@id":"https:\/\/facciobuono.it\/de\/cookie-richtlinie\/","url":"https:\/\/facciobuono.it\/de\/cookie-richtlinie\/","name":"Cookie-Richtlinie: Verwendung von Cookies auf FaccioBuono","isPartOf":{"@id":"https:\/\/facciobuono.it\/#website"},"datePublished":"2024-11-18T17:24:59+00:00","dateModified":"2026-03-02T18:32:57+00:00","description":"Cookie-Richtlinie von FaccioBuono: Was Cookies sind, welche wir verwenden und warum. Funktionalit\u00e4t, Sicherheit und beste Benutzererfahrung garantiert.","breadcrumb":{"@id":"https:\/\/facciobuono.it\/de\/cookie-richtlinie\/#breadcrumb"},"inLanguage":"de","potentialAction":[{"@type":"ReadAction","target":["https:\/\/facciobuono.it\/de\/cookie-richtlinie\/"]}]},{"@type":"BreadcrumbList","@id":"https:\/\/facciobuono.it\/de\/cookie-richtlinie\/#breadcrumb","itemListElement":[{"@type":"ListItem","position":1,"name":"Home","item":"https:\/\/facciobuono.it\/de\/website\/"},{"@type":"ListItem","position":2,"name":"Cookie-Richtlinie"}]},{"@type":"WebSite","@id":"https:\/\/facciobuono.it\/#website","url":"https:\/\/facciobuono.it\/","name":"Facciobuono","description":"","publisher":{"@id":"https:\/\/facciobuono.it\/#organization"},"potentialAction":[{"@type":"SearchAction","target":{"@type":"EntryPoint","urlTemplate":"https:\/\/facciobuono.it\/?s={search_term_string}"},"query-input":{"@type":"PropertyValueSpecification","valueRequired":true,"valueName":"search_term_string"}}],"inLanguage":"de"},{"@type":"Organization","@id":"https:\/\/facciobuono.it\/#organization","name":"Facciobuono","url":"https:\/\/facciobuono.it\/","logo":{"@type":"ImageObject","inLanguage":"de","@id":"https:\/\/facciobuono.it\/#\/schema\/logo\/image\/","url":"https:\/\/facciobuono.it\/wp-content\/uploads\/2024\/11\/logo-vecchio-FaccioBuono-color.png","contentUrl":"https:\/\/facciobuono.it\/wp-content\/uploads\/2024\/11\/logo-vecchio-FaccioBuono-color.png","width":3226,"height":1886,"caption":"Facciobuono"},"image":{"@id":"https:\/\/facciobuono.it\/#\/schema\/logo\/image\/"}}]}},"_links":{"self":[{"href":"https:\/\/facciobuono.it\/de\/wp-json\/wp\/v2\/pages\/6171","targetHints":{"allow":["GET"]}}],"collection":[{"href":"https:\/\/facciobuono.it\/de\/wp-json\/wp\/v2\/pages"}],"about":[{"href":"https:\/\/facciobuono.it\/de\/wp-json\/wp\/v2\/types\/page"}],"author":[{"embeddable":true,"href":"https:\/\/facciobuono.it\/de\/wp-json\/wp\/v2\/users\/1"}],"replies":[{"embeddable":true,"href":"https:\/\/facciobuono.it\/de\/wp-json\/wp\/v2\/comments?post=6171"}],"version-history":[{"count":2,"href":"https:\/\/facciobuono.it\/de\/wp-json\/wp\/v2\/pages\/6171\/revisions"}],"predecessor-version":[{"id":6173,"href":"https:\/\/facciobuono.it\/de\/wp-json\/wp\/v2\/pages\/6171\/revisions\/6173"}],"wp:attachment":[{"href":"https:\/\/facciobuono.it\/de\/wp-json\/wp\/v2\/media?parent=6171"}],"curies":[{"name":"wp","href":"https:\/\/api.w.org\/{rel}","templated":true}]}}