{"id":6068,"date":"2025-03-03T20:52:36","date_gmt":"2025-03-03T20:52:36","guid":{"rendered":"https:\/\/facciobuono.it\/danke-waagen\/"},"modified":"2025-09-02T19:19:45","modified_gmt":"2025-09-02T19:19:45","slug":"danke-waagen","status":"publish","type":"page","link":"https:\/\/facciobuono.it\/de\/danke-waagen\/","title":{"rendered":"Vielen Dank f\u00fcr Ihre Anfrage"},"content":{"rendered":"\t\t<div data-elementor-type=\"wp-page\" data-elementor-id=\"6068\" class=\"elementor elementor-6068 elementor-4024\" data-elementor-post-type=\"page\">\n\t\t\t\t<div class=\"elementor-element elementor-element-5d1fdd4 e-flex e-con-boxed wpr-particle-no wpr-jarallax-no wpr-parallax-no wpr-sticky-section-no e-con e-parent\" data-id=\"5d1fdd4\" data-element_type=\"container\" data-settings=\"{&quot;background_background&quot;:&quot;classic&quot;}\">\n\t\t\t\t\t<div class=\"e-con-inner\">\n\t\t<div class=\"elementor-element elementor-element-aa837af e-con-full e-flex wpr-particle-no wpr-jarallax-no wpr-parallax-no wpr-sticky-section-no e-con e-child\" data-id=\"aa837af\" data-element_type=\"container\" data-settings=\"{&quot;background_background&quot;:&quot;classic&quot;}\">\n\t\t<div class=\"elementor-element elementor-element-e97a10e e-con-full e-flex wpr-particle-no wpr-jarallax-no wpr-parallax-no wpr-sticky-section-no e-con e-child\" data-id=\"e97a10e\" data-element_type=\"container\" data-settings=\"{&quot;background_background&quot;:&quot;classic&quot;}\">\n\t\t\t\t<div class=\"elementor-element elementor-element-66c0b1c elementor-widget elementor-widget-heading\" data-id=\"66c0b1c\" data-element_type=\"widget\" data-widget_type=\"heading.default\">\n\t\t\t\t<div class=\"elementor-widget-container\">\n\t\t\t\t\t<h2 class=\"elementor-heading-title elementor-size-default\">Vielen Dank, wir haben Ihre Kontaktanfrage erhalten<\/h2>\t\t\t\t<\/div>\n\t\t\t\t<\/div>\n\t\t\t\t<div class=\"elementor-element elementor-element-48f727c elementor-widget__width-initial elementor-widget elementor-widget-heading\" data-id=\"48f727c\" data-element_type=\"widget\" data-settings=\"{&quot;_animation&quot;:&quot;none&quot;,&quot;_animation_delay&quot;:300}\" data-widget_type=\"heading.default\">\n\t\t\t\t<div class=\"elementor-widget-container\">\n\t\t\t\t\t<h2 class=\"elementor-heading-title elementor-size-default\">Wir werden Sie in K\u00fcrze anrufen, um einen kurzen Termin zu vereinbaren, <b>um Ihre Bed\u00fcrfnisse und die Ihres Lokals zu verstehen.<\/b><\/h2>\t\t\t\t<\/div>\n\t\t\t\t<\/div>\n\t\t\t\t<\/div>\n\t\t\t\t<\/div>\n\t\t\t\t\t<\/div>\n\t\t\t\t<\/div>\n\t\t\t\t<\/div>\n\t\t","protected":false},"excerpt":{"rendered":"<p>Vielen Dank, wir haben Ihre Kontaktanfrage erhalten Wir werden Sie in K\u00fcrze anrufen, um einen kurzen Termin zu vereinbaren, um Ihre Bed\u00fcrfnisse und die Ihres Lokals zu verstehen.<\/p>\n","protected":false},"author":3,"featured_media":0,"parent":0,"menu_order":0,"comment_status":"closed","ping_status":"closed","template":"elementor_canvas","meta":{"site-sidebar-layout":"no-sidebar","site-content-layout":"page-builder","ast-site-content-layout":"full-width-container","site-content-style":"unboxed","site-sidebar-style":"unboxed","ast-global-header-display":"","ast-banner-title-visibility":"","ast-main-header-display":"","ast-hfb-above-header-display":"","ast-hfb-below-header-display":"","ast-hfb-mobile-header-display":"","site-post-title":"disabled","ast-breadcrumbs-content":"","ast-featured-img":"disabled","footer-sml-layout":"","theme-transparent-header-meta":"enabled","adv-header-id-meta":"","stick-header-meta":"","header-above-stick-meta":"","header-main-stick-meta":"","header-below-stick-meta":"","astra-migrate-meta-layouts":"default","ast-page-background-enabled":"default","ast-page-background-meta":{"desktop":{"background-color":"","background-image":"","background-repeat":"repeat","background-position":"center center","background-size":"auto","background-attachment":"scroll","background-type":"","background-media":"","overlay-type":"","overlay-color":"","overlay-opacity":"","overlay-gradient":""},"tablet":{"background-color":"","background-image":"","background-repeat":"repeat","background-position":"center center","background-size":"auto","background-attachment":"scroll","background-type":"","background-media":"","overlay-type":"","overlay-color":"","overlay-opacity":"","overlay-gradient":""},"mobile":{"background-color":"","background-image":"","background-repeat":"repeat","background-position":"center center","background-size":"auto","background-attachment":"scroll","background-type":"","background-media":"","overlay-type":"","overlay-color":"","overlay-opacity":"","overlay-gradient":""}},"ast-content-background-meta":{"desktop":{"background-color":"var(--ast-global-color-5)","background-image":"","background-repeat":"repeat","background-position":"center center","background-size":"auto","background-attachment":"scroll","background-type":"","background-media":"","overlay-type":"","overlay-color":"","overlay-opacity":"","overlay-gradient":""},"tablet":{"background-color":"var(--ast-global-color-5)","background-image":"","background-repeat":"repeat","background-position":"center center","background-size":"auto","background-attachment":"scroll","background-type":"","background-media":"","overlay-type":"","overlay-color":"","overlay-opacity":"","overlay-gradient":""},"mobile":{"background-color":"var(--ast-global-color-5)","background-image":"","background-repeat":"repeat","background-position":"center center","background-size":"auto","background-attachment":"scroll","background-type":"","background-media":"","overlay-type":"","overlay-color":"","overlay-opacity":"","overlay-gradient":""}},"footnotes":""},"class_list":["post-6068","page","type-page","status-publish","hentry"],"yoast_head":"<!-- This site is optimized with the Yoast SEO plugin v27.0 - https:\/\/yoast.com\/product\/yoast-seo-wordpress\/ -->\n<title>Vielen Dank f\u00fcr Ihre Anfrage - Facciobuono<\/title>\n<meta name=\"robots\" content=\"index, follow, max-snippet:-1, max-image-preview:large, max-video-preview:-1\" \/>\n<link rel=\"canonical\" href=\"https:\/\/facciobuono.it\/grazie-per-la-richiesta\/\" \/>\n<meta property=\"og:locale\" content=\"de_DE\" \/>\n<meta property=\"og:type\" content=\"article\" \/>\n<meta property=\"og:title\" content=\"Vielen Dank f\u00fcr Ihre Anfrage - Facciobuono\" \/>\n<meta property=\"og:description\" content=\"Vielen Dank, wir haben Ihre Kontaktanfrage erhalten Wir werden Sie in K\u00fcrze anrufen, um einen kurzen Termin zu vereinbaren, um Ihre Bed\u00fcrfnisse und die Ihres Lokals zu verstehen.\" \/>\n<meta property=\"og:url\" content=\"https:\/\/facciobuono.it\/grazie-per-la-richiesta\/\" \/>\n<meta property=\"og:site_name\" content=\"Facciobuono\" \/>\n<meta property=\"article:modified_time\" content=\"2025-09-02T19:19:45+00:00\" \/>\n<meta name=\"twitter:card\" content=\"summary_large_image\" \/>\n<script type=\"application\/ld+json\" class=\"yoast-schema-graph\">{\"@context\":\"https:\/\/schema.org\",\"@graph\":[{\"@type\":\"WebPage\",\"@id\":\"https:\/\/facciobuono.it\/grazie-per-la-richiesta\/\",\"url\":\"https:\/\/facciobuono.it\/grazie-per-la-richiesta\/\",\"name\":\"Vielen Dank f\u00fcr Ihre Anfrage - Facciobuono\",\"isPartOf\":{\"@id\":\"https:\/\/facciobuono.it\/#website\"},\"datePublished\":\"2025-03-03T20:52:36+00:00\",\"dateModified\":\"2025-09-02T19:19:45+00:00\",\"breadcrumb\":{\"@id\":\"https:\/\/facciobuono.it\/grazie-per-la-richiesta\/#breadcrumb\"},\"inLanguage\":\"de\",\"potentialAction\":[{\"@type\":\"ReadAction\",\"target\":[\"https:\/\/facciobuono.it\/grazie-per-la-richiesta\/\"]}]},{\"@type\":\"BreadcrumbList\",\"@id\":\"https:\/\/facciobuono.it\/grazie-per-la-richiesta\/#breadcrumb\",\"itemListElement\":[{\"@type\":\"ListItem\",\"position\":1,\"name\":\"Home\",\"item\":\"https:\/\/facciobuono.it\/de\/website\/\"},{\"@type\":\"ListItem\",\"position\":2,\"name\":\"Vielen Dank f\u00fcr Ihre Anfrage\"}]},{\"@type\":\"WebSite\",\"@id\":\"https:\/\/facciobuono.it\/#website\",\"url\":\"https:\/\/facciobuono.it\/\",\"name\":\"Facciobuono\",\"description\":\"\",\"publisher\":{\"@id\":\"https:\/\/facciobuono.it\/#organization\"},\"potentialAction\":[{\"@type\":\"SearchAction\",\"target\":{\"@type\":\"EntryPoint\",\"urlTemplate\":\"https:\/\/facciobuono.it\/?s={search_term_string}\"},\"query-input\":{\"@type\":\"PropertyValueSpecification\",\"valueRequired\":true,\"valueName\":\"search_term_string\"}}],\"inLanguage\":\"de\"},{\"@type\":\"Organization\",\"@id\":\"https:\/\/facciobuono.it\/#organization\",\"name\":\"Facciobuono\",\"url\":\"https:\/\/facciobuono.it\/\",\"logo\":{\"@type\":\"ImageObject\",\"inLanguage\":\"de\",\"@id\":\"https:\/\/facciobuono.it\/#\/schema\/logo\/image\/\",\"url\":\"https:\/\/facciobuono.it\/wp-content\/uploads\/2024\/11\/logo-vecchio-FaccioBuono-color.png\",\"contentUrl\":\"https:\/\/facciobuono.it\/wp-content\/uploads\/2024\/11\/logo-vecchio-FaccioBuono-color.png\",\"width\":3226,\"height\":1886,\"caption\":\"Facciobuono\"},\"image\":{\"@id\":\"https:\/\/facciobuono.it\/#\/schema\/logo\/image\/\"}}]}<\/script>\n<!-- \/ Yoast SEO plugin. -->","yoast_head_json":{"title":"Vielen Dank f\u00fcr Ihre Anfrage - Facciobuono","robots":{"index":"index","follow":"follow","max-snippet":"max-snippet:-1","max-image-preview":"max-image-preview:large","max-video-preview":"max-video-preview:-1"},"canonical":"https:\/\/facciobuono.it\/grazie-per-la-richiesta\/","og_locale":"de_DE","og_type":"article","og_title":"Vielen Dank f\u00fcr Ihre Anfrage - Facciobuono","og_description":"Vielen Dank, wir haben Ihre Kontaktanfrage erhalten Wir werden Sie in K\u00fcrze anrufen, um einen kurzen Termin zu vereinbaren, um Ihre Bed\u00fcrfnisse und die Ihres Lokals zu verstehen.","og_url":"https:\/\/facciobuono.it\/grazie-per-la-richiesta\/","og_site_name":"Facciobuono","article_modified_time":"2025-09-02T19:19:45+00:00","twitter_card":"summary_large_image","schema":{"@context":"https:\/\/schema.org","@graph":[{"@type":"WebPage","@id":"https:\/\/facciobuono.it\/grazie-per-la-richiesta\/","url":"https:\/\/facciobuono.it\/grazie-per-la-richiesta\/","name":"Vielen Dank f\u00fcr Ihre Anfrage - Facciobuono","isPartOf":{"@id":"https:\/\/facciobuono.it\/#website"},"datePublished":"2025-03-03T20:52:36+00:00","dateModified":"2025-09-02T19:19:45+00:00","breadcrumb":{"@id":"https:\/\/facciobuono.it\/grazie-per-la-richiesta\/#breadcrumb"},"inLanguage":"de","potentialAction":[{"@type":"ReadAction","target":["https:\/\/facciobuono.it\/grazie-per-la-richiesta\/"]}]},{"@type":"BreadcrumbList","@id":"https:\/\/facciobuono.it\/grazie-per-la-richiesta\/#breadcrumb","itemListElement":[{"@type":"ListItem","position":1,"name":"Home","item":"https:\/\/facciobuono.it\/de\/website\/"},{"@type":"ListItem","position":2,"name":"Vielen Dank f\u00fcr Ihre Anfrage"}]},{"@type":"WebSite","@id":"https:\/\/facciobuono.it\/#website","url":"https:\/\/facciobuono.it\/","name":"Facciobuono","description":"","publisher":{"@id":"https:\/\/facciobuono.it\/#organization"},"potentialAction":[{"@type":"SearchAction","target":{"@type":"EntryPoint","urlTemplate":"https:\/\/facciobuono.it\/?s={search_term_string}"},"query-input":{"@type":"PropertyValueSpecification","valueRequired":true,"valueName":"search_term_string"}}],"inLanguage":"de"},{"@type":"Organization","@id":"https:\/\/facciobuono.it\/#organization","name":"Facciobuono","url":"https:\/\/facciobuono.it\/","logo":{"@type":"ImageObject","inLanguage":"de","@id":"https:\/\/facciobuono.it\/#\/schema\/logo\/image\/","url":"https:\/\/facciobuono.it\/wp-content\/uploads\/2024\/11\/logo-vecchio-FaccioBuono-color.png","contentUrl":"https:\/\/facciobuono.it\/wp-content\/uploads\/2024\/11\/logo-vecchio-FaccioBuono-color.png","width":3226,"height":1886,"caption":"Facciobuono"},"image":{"@id":"https:\/\/facciobuono.it\/#\/schema\/logo\/image\/"}}]}},"_links":{"self":[{"href":"https:\/\/facciobuono.it\/de\/wp-json\/wp\/v2\/pages\/6068","targetHints":{"allow":["GET"]}}],"collection":[{"href":"https:\/\/facciobuono.it\/de\/wp-json\/wp\/v2\/pages"}],"about":[{"href":"https:\/\/facciobuono.it\/de\/wp-json\/wp\/v2\/types\/page"}],"author":[{"embeddable":true,"href":"https:\/\/facciobuono.it\/de\/wp-json\/wp\/v2\/users\/3"}],"replies":[{"embeddable":true,"href":"https:\/\/facciobuono.it\/de\/wp-json\/wp\/v2\/comments?post=6068"}],"version-history":[{"count":3,"href":"https:\/\/facciobuono.it\/de\/wp-json\/wp\/v2\/pages\/6068\/revisions"}],"predecessor-version":[{"id":6501,"href":"https:\/\/facciobuono.it\/de\/wp-json\/wp\/v2\/pages\/6068\/revisions\/6501"}],"wp:attachment":[{"href":"https:\/\/facciobuono.it\/de\/wp-json\/wp\/v2\/media?parent=6068"}],"curies":[{"name":"wp","href":"https:\/\/api.w.org\/{rel}","templated":true}]}}